{"id":512,"date":"2025-09-27T00:51:14","date_gmt":"2025-09-26T22:51:14","guid":{"rendered":"https:\/\/antoinelhonorepiquet.com\/alp-stream\/?page_id=512"},"modified":"2025-10-06T21:37:04","modified_gmt":"2025-10-06T19:37:04","slug":"home","status":"publish","type":"page","link":"https:\/\/antoinelhonorepiquet.com\/alp-stream\/","title":{"rendered":"Home"},"content":{"rendered":"<div class=\"wpb-content-wrapper\"><p>[vc_row motts_theme_padding=\u00a0\u00bbno\u00a0\u00bb use_container=\u00a0\u00bbyes\u00a0\u00bb conter_content=\u00a0\u00bbyes\u00a0\u00bb css=\u00a0\u00bb.vc_custom_1758961773470{padding-top: 100px !important;}\u00a0\u00bb][vc_column][ts_section_title color=\u00a0\u00bb#111111&Prime; tagline=\u00a0\u00bbONLINE STREAMING\u00a0\u00bb title=\u00a0\u00bbLes derni\u00e8res sorties\u00a0\u00bb][ts_movie total_count=\u00a0\u00bb6&Prime;][vc_empty_space height=\u00a0\u00bb50px\u00a0\u00bb][\/vc_column][\/vc_row][vc_row motts_theme_padding=\u00a0\u00bbno\u00a0\u00bb use_container=\u00a0\u00bbyes\u00a0\u00bb conter_content=\u00a0\u00bbyes\u00a0\u00bb css=\u00a0\u00bb.vc_custom_1758961773470{padding-top: 100px !important;}\u00a0\u00bb][vc_column][ts_side_image image=\u00a0\u00bb1902&Prime;][vc_empty_space height=\u00a0\u00bb50px\u00a0\u00bb][ts_section_title color=\u00a0\u00bb#111111&Prime; tagline=\u00a0\u00bbONLINE STREAMING\u00a0\u00bb title=\u00a0\u00bbCin\u00e9ma\u00a0\u00bb][ts_section_title color=\u00a0\u00bb#111111&Prime; tagline=\u00a0\u00bbLES FILMS \u00c9CRITS ET R\u00c9ALIS\u00c9S PAR ANTOINE LHONOR\u00c9-PIQUET\u00a0\u00bb][ts_movie total_count=\u00a0\u00bb6&Prime; display_type=\u00a0\u00bbtag\u00a0\u00bb tag=\u00a0\u00bbALP\u00a0\u00bb][vc_empty_space height=\u00a0\u00bb50px\u00a0\u00bb][ts_section_title color=\u00a0\u00bb#111111&Prime; tagline=\u00a0\u00bbLES AUTRES R\u00c9F\u00c9RENCES D&rsquo;ANTOINE LHONOR\u00c9-PIQUET\u00a0\u00bb][ts_movie total_count=\u00a0\u00bb6&Prime; display_type=\u00a0\u00bbtag\u00a0\u00bb tag=\u00a0\u00bbrefcinema\u00a0\u00bb][ts_custom_button label=\u00a0\u00bbVoir tous les films\u00a0\u00bb url=\u00a0\u00bbhttps:\/\/antoinelhonorepiquet.com\/alp-stream\/cinema\/\u00a0\u00bb][vc_empty_space height=\u00a0\u00bb50px\u00a0\u00bb][\/vc_column][\/vc_row][vc_row motts_theme_padding=\u00a0\u00bbno\u00a0\u00bb use_container=\u00a0\u00bbyes\u00a0\u00bb conter_content=\u00a0\u00bbyes\u00a0\u00bb css=\u00a0\u00bb.vc_custom_1759059883916{padding-top: 100px !important;}\u00a0\u00bb][vc_column][ts_side_image image=\u00a0\u00bb1908&Prime;][vc_empty_space height=\u00a0\u00bb50px\u00a0\u00bb][ts_section_title color=\u00a0\u00bb#111111&Prime; tagline=\u00a0\u00bbONLINE STREAMING\u00a0\u00bb title=\u00a0\u00bbTV\u00a0\u00bb][ts_section_title color=\u00a0\u00bb#111111&Prime; tagline=\u00a0\u00bbLES MAKING-O(U)F\u00a0\u00bb][ts_movie total_count=\u00a0\u00bb12&Prime; display_type=\u00a0\u00bbtag\u00a0\u00bb tag=\u00a0\u00bbof\u00a0\u00bb][vc_empty_space height=\u00a0\u00bb50px\u00a0\u00bb][ts_section_title color=\u00a0\u00bb#111111&Prime; tagline=\u00a0\u00bbLA TV D&rsquo;ANTOINE LHONOR\u00c9-PIQUET\u00a0\u00bb][ts_movie total_count=\u00a0\u00bb12&Prime; display_type=\u00a0\u00bbtag\u00a0\u00bb tag=\u00a0\u00bbtvantoine\u00a0\u00bb][ts_custom_button label=\u00a0\u00bbVoir tous les reportages\u00a0\u00bb url=\u00a0\u00bbhttps:\/\/antoinelhonorepiquet.com\/alp-stream\/tv\/\u00a0\u00bb][vc_empty_space height=\u00a0\u00bb50px\u00a0\u00bb][\/vc_column][\/vc_row][vc_row motts_theme_padding=\u00a0\u00bbno\u00a0\u00bb use_container=\u00a0\u00bbyes\u00a0\u00bb conter_content=\u00a0\u00bbyes\u00a0\u00bb css=\u00a0\u00bb.vc_custom_1759059883916{padding-top: 100px !important;}\u00a0\u00bb][vc_column][ts_side_image image=\u00a0\u00bb1918&Prime;][vc_empty_space height=\u00a0\u00bb50px\u00a0\u00bb][ts_section_title color=\u00a0\u00bb#111111&Prime; align=\u00a0\u00bbtext-center\u00a0\u00bb tagline=\u00a0\u00bbONLINE STREAMING\u00a0\u00bb title=\u00a0\u00bbS\u00e9ries\u00a0\u00bb][ts_tv_show total_count=\u00a0\u00bb6&Prime;][ts_custom_button label=\u00a0\u00bbVoir toutes les s\u00e9ries\u00a0\u00bb url=\u00a0\u00bbhttps:\/\/antoinelhonorepiquet.com\/alp-stream\/tvshows\/\u00a0\u00bb][vc_empty_space height=\u00a0\u00bb50px\u00a0\u00bb][\/vc_column][\/vc_row][vc_row motts_theme_padding=\u00a0\u00bbno\u00a0\u00bb use_container=\u00a0\u00bbyes\u00a0\u00bb conter_content=\u00a0\u00bbyes\u00a0\u00bb css=\u00a0\u00bb.vc_custom_1758961773470{padding-top: 100px !important;}\u00a0\u00bb][vc_column][ts_side_image image=\u00a0\u00bb1921&Prime;][vc_empty_space height=\u00a0\u00bb50px\u00a0\u00bb][ts_section_title color=\u00a0\u00bb#111111&Prime; tagline=\u00a0\u00bbONLINE STREAMING\u00a0\u00bb title=\u00a0\u00bbTh\u00e9\u00e2tre &#8211; Spectacle\u00a0\u00bb][ts_section_title color=\u00a0\u00bb#111111&Prime; tagline=\u00a0\u00bbLES SUCC\u00c8S D&rsquo;ANTOINE LHONOR\u00c9-PIQUET\u00a0\u00bb][ts_movie total_count=\u00a0\u00bb12&Prime; display_type=\u00a0\u00bbtag\u00a0\u00bb tag=\u00a0\u00bbthantoine\u00a0\u00bb][ts_custom_button label=\u00a0\u00bbVoir tous les spectacles\u00a0\u00bb url=\u00a0\u00bbhttps:\/\/antoinelhonorepiquet.com\/alp-stream\/spectacle\/\u00a0\u00bb][vc_empty_space height=\u00a0\u00bb50px\u00a0\u00bb][\/vc_column][\/vc_row][vc_row motts_theme_padding=\u00a0\u00bbno\u00a0\u00bb use_container=\u00a0\u00bbyes\u00a0\u00bb conter_content=\u00a0\u00bbyes\u00a0\u00bb css=\u00a0\u00bb.vc_custom_1758961773470{padding-top: 100px !important;}\u00a0\u00bb][vc_column][ts_side_image image=\u00a0\u00bb1924&Prime;][vc_empty_space height=\u00a0\u00bb50px\u00a0\u00bb][ts_section_title color=\u00a0\u00bb#111111&Prime; tagline=\u00a0\u00bbONLINE STREAMING\u00a0\u00bb title=\u00a0\u00bbMusic\u00a0\u00bb][ts_section_title color=\u00a0\u00bb#111111&Prime; tagline=\u00a0\u00bbLES MEILLEURS CLIPS VID\u00c9O D&rsquo;ANTOINE LHONOR\u00c9-PIQUET\u00a0\u00bb][ts_movie total_count=\u00a0\u00bb12&Prime; display_type=\u00a0\u00bbtag\u00a0\u00bb tag=\u00a0\u00bbclipantoine\u00a0\u00bb][ts_custom_button label=\u00a0\u00bbVoir tous les clips musicaux\u00a0\u00bb url=\u00a0\u00bbhttps:\/\/antoinelhonorepiquet.com\/alp-stream\/music\/\u00a0\u00bb][vc_empty_space height=\u00a0\u00bb50px\u00a0\u00bb][\/vc_column][\/vc_row][vc_row motts_theme_padding=\u00a0\u00bbno\u00a0\u00bb use_container=\u00a0\u00bbyes\u00a0\u00bb conter_content=\u00a0\u00bbyes\u00a0\u00bb css=\u00a0\u00bb.vc_custom_1758961773470{padding-top: 100px !important;}\u00a0\u00bb][vc_column][ts_side_image image=\u00a0\u00bb1927&Prime;][vc_empty_space height=\u00a0\u00bb100px\u00a0\u00bb][ts_section_title color=\u00a0\u00bb#111111&Prime; tagline=\u00a0\u00bbONLINE STREAMING\u00a0\u00bb title=\u00a0\u00bbCorporate\u00a0\u00bb][ts_section_title color=\u00a0\u00bb#111111&Prime; tagline=\u00a0\u00bbLES R\u00c9F\u00c9RENCES CORPORATE D&rsquo;ANTOINE LHONOR\u00c9-PIQUET\u00a0\u00bb][ts_movie total_count=\u00a0\u00bb12&Prime; display_type=\u00a0\u00bbtag\u00a0\u00bb tag=\u00a0\u00bbtopcorpo\u00a0\u00bb][ts_custom_button label=\u00a0\u00bbVoir tous les films corporate\u00a0\u00bb url=\u00a0\u00bbhttps:\/\/antoinelhonorepiquet.com\/alp-stream\/corporate\/\u00a0\u00bb][vc_empty_space height=\u00a0\u00bb100px\u00a0\u00bb][\/vc_column][\/vc_row]<\/p>\n<\/div>","protected":false},"excerpt":{"rendered":"<p>[vc_row motts_theme_padding=\u00a0\u00bbno\u00a0\u00bb use_container=\u00a0\u00bbyes\u00a0\u00bb conter_content=\u00a0\u00bbyes\u00a0\u00bb css=\u00a0\u00bb.vc_custom_1758961773470{padding-top: 100px !important;}\u00a0\u00bb][vc_column][ts_section_title color=\u00a0\u00bb#111111&Prime; tagline=\u00a0\u00bbONLINE STREAMING\u00a0\u00bb title=\u00a0\u00bbLes derni\u00e8res sorties\u00a0\u00bb][ts_movie total_count=\u00a0\u00bb6&Prime;][vc_empty_space height=\u00a0\u00bb50px\u00a0\u00bb][\/vc_column][\/vc_row][vc_row motts_theme_padding=\u00a0\u00bbno\u00a0\u00bb use_container=\u00a0\u00bbyes\u00a0\u00bb conter_content=\u00a0\u00bbyes\u00a0\u00bb css=\u00a0\u00bb.vc_custom_1758961773470{padding-top: 100px !important;}\u00a0\u00bb][vc_column][ts_side_image image=\u00a0\u00bb1902&Prime;][vc_empty_space height=\u00a0\u00bb50px\u00a0\u00bb][ts_section_title color=\u00a0\u00bb#111111&Prime; tagline=\u00a0\u00bbONLINE STREAMING\u00a0\u00bb title=\u00a0\u00bbCin\u00e9ma\u00a0\u00bb][ts_section_title color=\u00a0\u00bb#111111&Prime; tagline=\u00a0\u00bbLES FILMS \u00c9CRITS ET R\u00c9ALIS\u00c9S PAR ANTOINE LHONOR\u00c9-PIQUET\u00a0\u00bb][ts_movie total_count=\u00a0\u00bb6&Prime; display_type=\u00a0\u00bbtag\u00a0\u00bb tag=\u00a0\u00bbALP\u00a0\u00bb][vc_empty_space height=\u00a0\u00bb50px\u00a0\u00bb][ts_section_title color=\u00a0\u00bb#111111&Prime; tagline=\u00a0\u00bbLES AUTRES R\u00c9F\u00c9RENCES D&rsquo;ANTOINE LHONOR\u00c9-PIQUET\u00a0\u00bb][ts_movie total_count=\u00a0\u00bb6&Prime; display_type=\u00a0\u00bbtag\u00a0\u00bb tag=\u00a0\u00bbrefcinema\u00a0\u00bb][ts_custom_button label=\u00a0\u00bbVoir tous les films\u00a0\u00bb url=\u00a0\u00bbhttps:\/\/antoinelhonorepiquet.com\/alp-stream\/cinema\/\u00a0\u00bb][vc_empty_space height=\u00a0\u00bb50px\u00a0\u00bb][\/vc_column][\/vc_row][vc_row [&hellip;]<\/p>\n","protected":false},"author":1,"featured_media":0,"parent":0,"menu_order":0,"comment_status":"closed","ping_status":"closed","template":"page-home.php","meta":{"footnotes":""},"class_list":["post-512","page","type-page","status-publish","hentry"],"_links":{"self":[{"href":"https:\/\/antoinelhonorepiquet.com\/alp-stream\/wp-json\/wp\/v2\/pages\/512","targetHints":{"allow":["GET"]}}],"collection":[{"href":"https:\/\/antoinelhonorepiquet.com\/alp-stream\/wp-json\/wp\/v2\/pages"}],"about":[{"href":"https:\/\/antoinelhonorepiquet.com\/alp-stream\/wp-json\/wp\/v2\/types\/page"}],"author":[{"embeddable":true,"href":"https:\/\/antoinelhonorepiquet.com\/alp-stream\/wp-json\/wp\/v2\/users\/1"}],"replies":[{"embeddable":true,"href":"https:\/\/antoinelhonorepiquet.com\/alp-stream\/wp-json\/wp\/v2\/comments?post=512"}],"version-history":[{"count":107,"href":"https:\/\/antoinelhonorepiquet.com\/alp-stream\/wp-json\/wp\/v2\/pages\/512\/revisions"}],"predecessor-version":[{"id":1929,"href":"https:\/\/antoinelhonorepiquet.com\/alp-stream\/wp-json\/wp\/v2\/pages\/512\/revisions\/1929"}],"wp:attachment":[{"href":"https:\/\/antoinelhonorepiquet.com\/alp-stream\/wp-json\/wp\/v2\/media?parent=512"}],"curies":[{"name":"wp","href":"https:\/\/api.w.org\/{rel}","templated":true}]}}